{"id":23367,"date":"2022-10-20T03:04:15","date_gmt":"2022-10-20T03:04:15","guid":{"rendered":"https:\/\/staging.elisen.com\/carrieres\/"},"modified":"2024-08-15T05:08:47","modified_gmt":"2024-08-15T05:08:47","slug":"carrieres","status":"publish","type":"page","link":"https:\/\/staging.elisen.com\/fr\/carrieres\/","title":{"rendered":"Carri\u00e8res"},"content":{"rendered":"<section data-vc-full-width=\"true\" data-vc-full-width-init=\"false\" data-vc-stretch-content=\"true\" class=\"vc_row wpb_row vc_row-fluid  vc_custom_1666818925046 fix-background bg-position-left-top vc_row-has-fill pofo-stretch-content vc_row-no-padding vc_row-o-content-top vc_row-flex\" style=\"min-height: 400px;\"><div class=\"wpb_column vc_column_container vc_col-sm-12  col-xs-mobile-fullwidth\"><div class=\"vc_column-inner \"><div class=\"wpb_wrapper\"><div id=\"pofo-image-slider-1\" class=\"swiper-container width-100 height-100 pofo-image-style3 pofo-image-slider-1  white-move pofo-slider3 pofo-slider3-1\" data-slider-options=\"{&quot;keyboard&quot;:true,&quot;slidesPerView&quot;:1,&quot;autoplay&quot;:false,&quot;effect&quot;:&quot;fade&quot;,&quot;fadeEffect&quot;:{&quot;crossFade&quot;:true}}\"><div class=\"swiper-wrapper\"><div class=\"swiper-slide cover-background bg-image-srcset\" style=\"background-image:url(https:\/\/staging.elisen.com\/wp-content\/uploads\/2022\/10\/Group-73.png)\" data-bg-srcset=\"https:\/\/staging.elisen.com\/wp-content\/uploads\/2022\/10\/Group-73.png 1440w, https:\/\/staging.elisen.com\/wp-content\/uploads\/2022\/10\/Group-73-300x125.png 300w, https:\/\/staging.elisen.com\/wp-content\/uploads\/2022\/10\/Group-73-1024x427.png 1024w, https:\/\/staging.elisen.com\/wp-content\/uploads\/2022\/10\/Group-73-768x320.png 768w, https:\/\/staging.elisen.com\/wp-content\/uploads\/2022\/10\/Group-73-1200x500.png 1200w, https:\/\/staging.elisen.com\/wp-content\/uploads\/2022\/10\/Group-73-120x50.png 120w, https:\/\/staging.elisen.com\/wp-content\/uploads\/2022\/10\/Group-73-81x34.png 81w\"><div class=\"container position-relative height-100\"><div class=\"col-md-12 slider-typography text-left xs-text-center\"><div class=\"slider-text-middle-main\"><div class=\"slider-text-middle\"><h2 class=\"alt-font text-extra-dark-gray font-weight-700 letter-spacing-minus-1 line-height-80 margin-35px-bottom md-line-height-auto xs-margin-15px-bottom word-wrap width-85 md-width-800px sm-width-80 xs-width-auto\" style=\"font-weight: 400; color: #ffffff;\">Carri\u00e8res<\/h2><\/div><\/div><\/div><\/div><\/div><\/div><\/div><\/div><\/div><\/div><\/section><div class=\"vc_row-full-width vc_clearfix\"><\/div><section data-vc-full-width=\"true\" data-vc-full-width-init=\"false\" class=\"vc_row wpb_row vc_row-fluid  vc_custom_1668616633718 wow fadeIn pofo-stretch-content pofo-stretch-row-container pofo-row-responsive-69d0f1d803e08\"><div class=\"wpb_column vc_column_container vc_col-sm-12  col-xs-mobile-fullwidth\"><div class=\"vc_column-inner \"><div class=\"wpb_wrapper\"><div class=\"vc_row wpb_row vc_inner vc_row-fluid\"><div class=\"wpb_column vc_column_container vc_col-lg-2 vc_col-md-2 vc_hidden-sm col-xs-mobile-fullwidth\"><div class=\"vc_column-inner \"><div class=\"wpb_wrapper\"><\/div><\/div><\/div><div class=\"wpb_column vc_column_container vc_col-lg-8 vc_col-md-8 col-xs-mobile-fullwidth text-left\"><div class=\"vc_column-inner vc_custom_1666750669892\"><div class=\"wpb_wrapper\"><div class=\" vc_custom_1666759188982 last-paragraph-no-margin pofo-text-block-responsive-69d0f1d80413d\" style=\"width: 100%;\"><p>Chez Elisen, nous avons l&rsquo;ing\u00e9nierie \u00e0 coeur. Que vous cherchiez \u00e0 travailler dans le d\u00e9veloppement de produits, la conversion d&rsquo;avions VIP ou sur de nouveaux programmes de d\u00e9veloppement OEM, Elisen est l&rsquo;endroit id\u00e9al pour vous. Nous offrons un environnement flexible et une diversit\u00e9 de d\u00e9fis aux ing\u00e9nieurs sur site et hors site, que vous soyez un employ\u00e9 permanent ou un sous-traitant.<\/p>\n<\/div>[vc_empty_space height=\u00a0\u00bb45px\u00a0\u00bb]<h4 class=\"text-extra-dark-gray margin-20px-bottom font-weight-600 display-inline-block alt-font heading-style2  heading-1\"  style=\"font-weight: 400;\"><strong>Pourquoi <\/strong>Travailler avec nous<\/h4>[vc_empty_space height=\u00a0\u00bb35px\u00a0\u00bb]<div class=\" vc_custom_1666759266911 last-paragraph-no-margin pofo-text-block-responsive-69d0f1d80422a\" style=\"width: 100%;\"><p>Elisen offre un environnement de travail professionnel, stimulant et respectueux qui offre des opportunit\u00e9s de d\u00e9veloppement de comp\u00e9tences vari\u00e9es. Nous offrons un plan de r\u00e9mun\u00e9ration comp\u00e9titif bas\u00e9 sur votre valeur sur les march\u00e9s actuels et un programme d\u2019incitation r\u00e9compensant la performance, la fid\u00e9lit\u00e9 et l\u2019innovation. Nous proposons des programmes de d\u00e9veloppement professionnel (PDP) vous permettant de maintenir et d\u2019am\u00e9liorer vos comp\u00e9tences professionnelles et de vous tenir au courant des nouvelles technologies et pratiques. Nous nous engageons \u00e0 \u00e9tablir des liens directs avec nos employ\u00e9s et nous nous assurons que vous b\u00e9n\u00e9ficiez du soutien dont vous avez besoin pour r\u00e9ussir. Les valeurs de notre entreprise reposent sur la flexibilit\u00e9, l\u2019int\u00e9grit\u00e9, l\u2019\u00e9thique du travail, la passion et l\u2019engagement, le travail d\u2019\u00e9quipe et un service client de haute qualit\u00e9. Si vous \u00eates passionn\u00e9 par l\u2019aviation et l\u2019a\u00e9rospatiale et que vous recherchez une carri\u00e8re riche en d\u00e9fis et en diversit\u00e9, joignez-vous \u00e0 Elisen et vous vous retrouverez dans un environnement dynamique o\u00f9 les projets en cours nous tiennent \u00e0 la fine pointe de la technologie.<\/p>\n<\/div><\/div><\/div><\/div><div class=\"wpb_column vc_column_container vc_col-lg-2 vc_col-md-2 vc_hidden-sm col-xs-mobile-fullwidth\"><div class=\"vc_column-inner \"><div class=\"wpb_wrapper\"><\/div><\/div><\/div><\/div><\/div><\/div><\/div><\/section><div class=\"vc_row-full-width vc_clearfix\"><\/div><section data-vc-full-width=\"true\" data-vc-full-width-init=\"false\" class=\"vc_row wpb_row vc_row-fluid  vc_custom_1668616670675 wow fadeIn vc_row-has-fill pofo-stretch-content pofo-stretch-row-container pofo-row-responsive-69d0f1d804314\"><div class=\"wpb_column vc_column_container vc_col-sm-12  col-xs-mobile-fullwidth\"><div class=\"vc_column-inner \"><div class=\"wpb_wrapper\"><div class=\"vc_row wpb_row vc_inner vc_row-fluid  vc_custom_1666752091239 vc_row-has-fill\"><div class=\"wpb_column vc_column_container vc_col-lg-2 vc_col-md-2 vc_hidden-sm col-xs-mobile-fullwidth\"><div class=\"vc_column-inner \"><div class=\"wpb_wrapper\"><\/div><\/div><\/div><div class=\"wpb_column vc_column_container vc_col-lg-8 vc_col-md-8 col-xs-mobile-fullwidth text-left\"><div class=\"vc_column-inner vc_custom_1666750669892\"><div class=\"wpb_wrapper\"><h4 class=\"text-extra-dark-gray margin-20px-bottom font-weight-600 alt-font heading-style2  heading-2\"  style=\"font-weight: 400;\"><strong>Opportunit\u00e9s de<\/strong> carri\u00e8re<\/h4>[vc_empty_space height=\u00a0\u00bb20px\u00a0\u00bb]<div class=\" vc_custom_1666759458593 last-paragraph-no-margin pofo-text-block-responsive-69d0f1d8044e5\" style=\"width: 100%;\"><p>Elisen recrute actuellement des ing\u00e9nieurs de toutes disciplines pour travailler \u00e0 Montr\u00e9al et dans les environs. Nous sommes toujours \u00e0 la recherche de personnes exceptionnelles et passionn\u00e9es par l&rsquo;industrie a\u00e9rospatiale pour se joindre \u00e0 notre \u00e9quipe.<\/p>\n<\/div>[vc_btn title=\u00a0\u00bbCONTACTEZ-NOUS\u00a0\u00bb style=\u00a0\u00bboutline\u00a0\u00bb shape=\u00a0\u00bbround\u00a0\u00bb color=\u00a0\u00bbprimary\u00a0\u00bb align=\u00a0\u00bbleft\u00a0\u00bb link=\u00a0\u00bburl:https%3A%2F%2Fstaging.elisen.com%2Ffr%2Fcontact%2F|title:Projets\u00a0\u00bb css=\u00a0\u00bb.vc_custom_1723442426239{padding-top: 20px !important;}\u00a0\u00bb]<\/div><\/div><\/div><div class=\"wpb_column vc_column_container vc_col-lg-2 vc_col-md-2 vc_hidden-sm col-xs-mobile-fullwidth\"><div class=\"vc_column-inner \"><div class=\"wpb_wrapper\"><\/div><\/div><\/div><\/div><\/div><\/div><\/div><\/section><div class=\"vc_row-full-width vc_clearfix\"><\/div><section data-vc-full-width=\"true\" data-vc-full-width-init=\"false\" class=\"vc_row wpb_row vc_row-fluid  vc_custom_1668616705780 wow fadeIn vc_row-has-fill pofo-stretch-content pofo-stretch-row-container pofo-row-responsive-69d0f1d8045ae\"><div class=\"wpb_column vc_column_container vc_col-sm-12  col-xs-mobile-fullwidth\"><div class=\"vc_column-inner \"><div class=\"wpb_wrapper\"><div class=\"vc_row wpb_row vc_inner vc_row-fluid\"><div class=\"wpb_column vc_column_container vc_col-lg-2 vc_col-md-2 vc_hidden-sm col-xs-mobile-fullwidth\"><div class=\"vc_column-inner \"><div class=\"wpb_wrapper\"><\/div><\/div><\/div><div class=\"wpb_column vc_column_container vc_col-lg-8 vc_col-md-8 col-xs-mobile-fullwidth text-left\"><div class=\"vc_column-inner vc_custom_1666750669892\"><div class=\"wpb_wrapper\"><h4 class=\"text-extra-dark-gray margin-20px-bottom font-weight-600 alt-font heading-style2  heading-3\"  style=\"line-height: 55px; font-weight: 400; color: #ffffff;\" data-lineheight=\"55px\">Quelle est la <strong>prochaine \u00e9tape ?<\/strong><\/h4>[vc_empty_space height=\u00a0\u00bb25px\u00a0\u00bb]<div class=\" vc_custom_1673207130592 last-paragraph-no-margin pofo-text-block-responsive-69d0f1d804777\" style=\"color: #ffffff; width: 100%;\"><p>Une fois que vous nous avez contact\u00e9s en ligne, vous recevrez un accus\u00e9 de r\u00e9ception par courrier \u00e9lectronique. Il vous sera alors demand\u00e9 de r\u00e9pondre \u00e0 quelques questions et de soumettre votre CV. Si votre candidature a \u00e9t\u00e9 retenue pour un poste \u00e0 pourvoir, vous serez contact\u00e9 par les ressources humaines (RH) qui vous poseront des questions compl\u00e9mentaires sur vos ant\u00e9c\u00e9dents professionnels et vos comp\u00e9tences.<\/p>\n<\/div>[vc_empty_space height=\u00a0\u00bb30px\u00a0\u00bb]<\/div><\/div><\/div><div class=\"wpb_column vc_column_container vc_col-lg-2 vc_col-md-2 vc_hidden-sm col-xs-mobile-fullwidth\"><div class=\"vc_column-inner \"><div class=\"wpb_wrapper\"><\/div><\/div><\/div><\/div><\/div><\/div><\/div><\/section><div class=\"vc_row-full-width vc_clearfix\"><\/div><div class=\"wpb_column vc_column_container vc_col-sm-12  col-xs-mobile-fullwidth\"><div class=\"vc_column-inner \"><div class=\"wpb_wrapper\"><\/div><\/div><\/div>\n","protected":false},"excerpt":{"rendered":"Carri\u00e8resChez Elisen, nous avons l'ing\u00e9nierie \u00e0 coeur. Que vous cherchiez \u00e0 travailler dans le d\u00e9veloppement de produits, la conversion d'avions VIP ou sur de nouveaux programmes de d\u00e9veloppement OEM, Elisen est l'endroit id\u00e9al pour vous. Nous offrons un environnement flexible et une diversit\u00e9 de d\u00e9fis aux ing\u00e9nieurs sur site et hors site, que vous soyez un employ\u00e9 permanent ou un sous-traitant. [vc_empty_space height=\"45px\"]Pourquoi Travailler avec nous[vc_empty_space height=\"35px\"]Elisen offre un environnement de travail professionnel, stimulant et respectueux qui offre des opportunit\u00e9s de d\u00e9veloppement de comp\u00e9tences vari\u00e9es. Nous offrons un plan de r\u00e9mun\u00e9ration comp\u00e9titif bas\u00e9 sur votre valeur sur les march\u00e9s actuels et un programme d\u2019incitation r\u00e9compensant la performance, la fid\u00e9lit\u00e9 et l\u2019innovation. Nous proposons des programmes de d\u00e9veloppement professionnel (PDP) vous permettant de maintenir et d\u2019am\u00e9liorer vos comp\u00e9tences professionnelles et de vous tenir au courant des nouvelles technologies et pratiques. Nous nous engageons \u00e0 \u00e9tablir des liens directs avec nos employ\u00e9s et nous nous assurons que vous b\u00e9n\u00e9ficiez du soutien dont vous avez besoin pour r\u00e9ussir. Les valeurs de notre entreprise reposent sur la flexibilit\u00e9, l\u2019int\u00e9grit\u00e9, l\u2019\u00e9thique du travail, la passion et l\u2019engagement, le travail d\u2019\u00e9quipe et un service client de haute qualit\u00e9. Si vous \u00eates passionn\u00e9 par l\u2019aviation et l\u2019a\u00e9rospatiale...","protected":false},"author":1,"featured_media":0,"parent":0,"menu_order":0,"comment_status":"closed","ping_status":"closed","template":"","meta":{"footnotes":""},"class_list":["post-23367","page","type-page","status-publish","hentry"],"yoast_head":"<!-- This site is optimized with the Yoast SEO plugin v27.3 - https:\/\/yoast.com\/product\/yoast-seo-wordpress\/ -->\n<title>Carri\u00e8res - Elisen &amp; associ\u00e9s Inc.<\/title>\n<meta name=\"robots\" content=\"index, follow, max-snippet:-1, max-image-preview:large, max-video-preview:-1\" \/>\n<link rel=\"canonical\" href=\"https:\/\/staging.elisen.com\/fr\/carrieres\/\" \/>\n<meta property=\"og:locale\" content=\"fr_FR\" \/>\n<meta property=\"og:type\" content=\"article\" \/>\n<meta property=\"og:title\" content=\"Carri\u00e8res - Elisen &amp; associ\u00e9s Inc.\" \/>\n<meta property=\"og:url\" content=\"https:\/\/staging.elisen.com\/fr\/carrieres\/\" \/>\n<meta property=\"og:site_name\" content=\"Elisen &amp; associ\u00e9s Inc.\" \/>\n<meta property=\"article:publisher\" content=\"https:\/\/www.facebook.com\/elisen.aerospace\" \/>\n<meta property=\"article:modified_time\" content=\"2024-08-15T05:08:47+00:00\" \/>\n<meta name=\"twitter:card\" content=\"summary_large_image\" \/>\n<meta name=\"twitter:label1\" content=\"Dur\u00e9e de lecture estim\u00e9e\" \/>\n\t<meta name=\"twitter:data1\" content=\"3 minutes\" \/>\n<script type=\"application\/ld+json\" class=\"yoast-schema-graph\">{\"@context\":\"https:\\\/\\\/schema.org\",\"@graph\":[{\"@type\":\"WebPage\",\"@id\":\"https:\\\/\\\/staging.elisen.com\\\/fr\\\/carrieres\\\/\",\"url\":\"https:\\\/\\\/staging.elisen.com\\\/fr\\\/carrieres\\\/\",\"name\":\"Carri\u00e8res - Elisen &amp; associ\u00e9s Inc.\",\"isPartOf\":{\"@id\":\"https:\\\/\\\/staging.elisen.com\\\/fr\\\/#website\"},\"datePublished\":\"2022-10-20T03:04:15+00:00\",\"dateModified\":\"2024-08-15T05:08:47+00:00\",\"breadcrumb\":{\"@id\":\"https:\\\/\\\/staging.elisen.com\\\/fr\\\/carrieres\\\/#breadcrumb\"},\"inLanguage\":\"fr-FR\",\"potentialAction\":[{\"@type\":\"ReadAction\",\"target\":[\"https:\\\/\\\/staging.elisen.com\\\/fr\\\/carrieres\\\/\"]}]},{\"@type\":\"BreadcrumbList\",\"@id\":\"https:\\\/\\\/staging.elisen.com\\\/fr\\\/carrieres\\\/#breadcrumb\",\"itemListElement\":[{\"@type\":\"ListItem\",\"position\":1,\"name\":\"Home\",\"item\":\"https:\\\/\\\/staging.elisen.com\\\/fr\\\/\"},{\"@type\":\"ListItem\",\"position\":2,\"name\":\"Carri\u00e8res\"}]},{\"@type\":\"WebSite\",\"@id\":\"https:\\\/\\\/staging.elisen.com\\\/fr\\\/#website\",\"url\":\"https:\\\/\\\/staging.elisen.com\\\/fr\\\/\",\"name\":\"Elisen\",\"description\":\"Elisen &amp; associ\u00e9s Inc.\",\"publisher\":{\"@id\":\"https:\\\/\\\/staging.elisen.com\\\/fr\\\/#organization\"},\"potentialAction\":[{\"@type\":\"SearchAction\",\"target\":{\"@type\":\"EntryPoint\",\"urlTemplate\":\"https:\\\/\\\/staging.elisen.com\\\/fr\\\/?s={search_term_string}\"},\"query-input\":{\"@type\":\"PropertyValueSpecification\",\"valueRequired\":true,\"valueName\":\"search_term_string\"}}],\"inLanguage\":\"fr-FR\"},{\"@type\":\"Organization\",\"@id\":\"https:\\\/\\\/staging.elisen.com\\\/fr\\\/#organization\",\"name\":\"Elisen & associ\u00e9s Inc.\",\"url\":\"https:\\\/\\\/staging.elisen.com\\\/fr\\\/\",\"logo\":{\"@type\":\"ImageObject\",\"inLanguage\":\"fr-FR\",\"@id\":\"https:\\\/\\\/staging.elisen.com\\\/fr\\\/#\\\/schema\\\/logo\\\/image\\\/\",\"url\":\"https:\\\/\\\/elisen.com\\\/wp-content\\\/uploads\\\/2022\\\/10\\\/Elisen-logo-1-1.png\",\"contentUrl\":\"https:\\\/\\\/elisen.com\\\/wp-content\\\/uploads\\\/2022\\\/10\\\/Elisen-logo-1-1.png\",\"width\":172,\"height\":69,\"caption\":\"Elisen & associ\u00e9s Inc.\"},\"image\":{\"@id\":\"https:\\\/\\\/staging.elisen.com\\\/fr\\\/#\\\/schema\\\/logo\\\/image\\\/\"},\"sameAs\":[\"https:\\\/\\\/www.facebook.com\\\/elisen.aerospace\",\"https:\\\/\\\/www.linkedin.com\\\/company\\\/elisen\\\/\"]}]}<\/script>\n<!-- \/ Yoast SEO plugin. -->","yoast_head_json":{"title":"Carri\u00e8res - Elisen &amp; associ\u00e9s Inc.","robots":{"index":"index","follow":"follow","max-snippet":"max-snippet:-1","max-image-preview":"max-image-preview:large","max-video-preview":"max-video-preview:-1"},"canonical":"https:\/\/staging.elisen.com\/fr\/carrieres\/","og_locale":"fr_FR","og_type":"article","og_title":"Carri\u00e8res - Elisen &amp; associ\u00e9s Inc.","og_url":"https:\/\/staging.elisen.com\/fr\/carrieres\/","og_site_name":"Elisen &amp; associ\u00e9s Inc.","article_publisher":"https:\/\/www.facebook.com\/elisen.aerospace","article_modified_time":"2024-08-15T05:08:47+00:00","twitter_card":"summary_large_image","twitter_misc":{"Dur\u00e9e de lecture estim\u00e9e":"3 minutes"},"schema":{"@context":"https:\/\/schema.org","@graph":[{"@type":"WebPage","@id":"https:\/\/staging.elisen.com\/fr\/carrieres\/","url":"https:\/\/staging.elisen.com\/fr\/carrieres\/","name":"Carri\u00e8res - Elisen &amp; associ\u00e9s Inc.","isPartOf":{"@id":"https:\/\/staging.elisen.com\/fr\/#website"},"datePublished":"2022-10-20T03:04:15+00:00","dateModified":"2024-08-15T05:08:47+00:00","breadcrumb":{"@id":"https:\/\/staging.elisen.com\/fr\/carrieres\/#breadcrumb"},"inLanguage":"fr-FR","potentialAction":[{"@type":"ReadAction","target":["https:\/\/staging.elisen.com\/fr\/carrieres\/"]}]},{"@type":"BreadcrumbList","@id":"https:\/\/staging.elisen.com\/fr\/carrieres\/#breadcrumb","itemListElement":[{"@type":"ListItem","position":1,"name":"Home","item":"https:\/\/staging.elisen.com\/fr\/"},{"@type":"ListItem","position":2,"name":"Carri\u00e8res"}]},{"@type":"WebSite","@id":"https:\/\/staging.elisen.com\/fr\/#website","url":"https:\/\/staging.elisen.com\/fr\/","name":"Elisen","description":"Elisen &amp; associ\u00e9s Inc.","publisher":{"@id":"https:\/\/staging.elisen.com\/fr\/#organization"},"potentialAction":[{"@type":"SearchAction","target":{"@type":"EntryPoint","urlTemplate":"https:\/\/staging.elisen.com\/fr\/?s={search_term_string}"},"query-input":{"@type":"PropertyValueSpecification","valueRequired":true,"valueName":"search_term_string"}}],"inLanguage":"fr-FR"},{"@type":"Organization","@id":"https:\/\/staging.elisen.com\/fr\/#organization","name":"Elisen & associ\u00e9s Inc.","url":"https:\/\/staging.elisen.com\/fr\/","logo":{"@type":"ImageObject","inLanguage":"fr-FR","@id":"https:\/\/staging.elisen.com\/fr\/#\/schema\/logo\/image\/","url":"https:\/\/elisen.com\/wp-content\/uploads\/2022\/10\/Elisen-logo-1-1.png","contentUrl":"https:\/\/elisen.com\/wp-content\/uploads\/2022\/10\/Elisen-logo-1-1.png","width":172,"height":69,"caption":"Elisen & associ\u00e9s Inc."},"image":{"@id":"https:\/\/staging.elisen.com\/fr\/#\/schema\/logo\/image\/"},"sameAs":["https:\/\/www.facebook.com\/elisen.aerospace","https:\/\/www.linkedin.com\/company\/elisen\/"]}]}},"jetpack_sharing_enabled":true,"_links":{"self":[{"href":"https:\/\/staging.elisen.com\/fr\/wp-json\/wp\/v2\/pages\/23367","targetHints":{"allow":["GET"]}}],"collection":[{"href":"https:\/\/staging.elisen.com\/fr\/wp-json\/wp\/v2\/pages"}],"about":[{"href":"https:\/\/staging.elisen.com\/fr\/wp-json\/wp\/v2\/types\/page"}],"author":[{"embeddable":true,"href":"https:\/\/staging.elisen.com\/fr\/wp-json\/wp\/v2\/users\/1"}],"replies":[{"embeddable":true,"href":"https:\/\/staging.elisen.com\/fr\/wp-json\/wp\/v2\/comments?post=23367"}],"version-history":[{"count":6,"href":"https:\/\/staging.elisen.com\/fr\/wp-json\/wp\/v2\/pages\/23367\/revisions"}],"predecessor-version":[{"id":23555,"href":"https:\/\/staging.elisen.com\/fr\/wp-json\/wp\/v2\/pages\/23367\/revisions\/23555"}],"wp:attachment":[{"href":"https:\/\/staging.elisen.com\/fr\/wp-json\/wp\/v2\/media?parent=23367"}],"curies":[{"name":"wp","href":"https:\/\/api.w.org\/{rel}","templated":true}]}}