{"id":23363,"date":"2022-10-20T03:07:13","date_gmt":"2022-10-20T03:07:13","guid":{"rendered":"https:\/\/staging.elisen.com\/certification\/"},"modified":"2024-08-16T03:50:17","modified_gmt":"2024-08-16T03:50:17","slug":"certification","status":"publish","type":"page","link":"https:\/\/staging.elisen.com\/fr\/certification\/","title":{"rendered":"Certification"},"content":{"rendered":"<section data-vc-full-width=\"true\" data-vc-full-width-init=\"false\" data-vc-stretch-content=\"true\" class=\"vc_row wpb_row vc_row-fluid  vc_custom_1666818925046 fix-background bg-position-left-top vc_row-has-fill pofo-stretch-content vc_row-no-padding vc_row-o-content-top vc_row-flex\" style=\"min-height: 400px;\"><div class=\"wpb_column vc_column_container vc_col-sm-12  col-xs-mobile-fullwidth\"><div class=\"vc_column-inner \"><div class=\"wpb_wrapper\"><div id=\"pofo-image-slider-1\" class=\"swiper-container width-100 height-100 pofo-image-style3 pofo-image-slider-1  white-move pofo-slider3 pofo-slider3-1\" data-slider-options=\"{&quot;keyboard&quot;:true,&quot;slidesPerView&quot;:1,&quot;autoplay&quot;:false,&quot;effect&quot;:&quot;fade&quot;,&quot;fadeEffect&quot;:{&quot;crossFade&quot;:true}}\"><div class=\"swiper-wrapper\"><div class=\"swiper-slide cover-background bg-image-srcset\" style=\"background-image:url(https:\/\/staging.elisen.com\/wp-content\/uploads\/2022\/10\/Rectangle-8-copy-2.png)\" data-bg-srcset=\"https:\/\/staging.elisen.com\/wp-content\/uploads\/2022\/10\/Rectangle-8-copy-2.png 1440w, https:\/\/staging.elisen.com\/wp-content\/uploads\/2022\/10\/Rectangle-8-copy-2-300x125.png 300w, https:\/\/staging.elisen.com\/wp-content\/uploads\/2022\/10\/Rectangle-8-copy-2-1024x427.png 1024w, https:\/\/staging.elisen.com\/wp-content\/uploads\/2022\/10\/Rectangle-8-copy-2-768x320.png 768w, https:\/\/staging.elisen.com\/wp-content\/uploads\/2022\/10\/Rectangle-8-copy-2-1200x500.png 1200w, https:\/\/staging.elisen.com\/wp-content\/uploads\/2022\/10\/Rectangle-8-copy-2-120x50.png 120w, https:\/\/staging.elisen.com\/wp-content\/uploads\/2022\/10\/Rectangle-8-copy-2-81x34.png 81w\"><div class=\"container position-relative height-100\"><div class=\"col-md-12 slider-typography text-left xs-text-center\"><div class=\"slider-text-middle-main\"><div class=\"slider-text-middle\"><h2 class=\"alt-font text-extra-dark-gray font-weight-700 letter-spacing-minus-1 line-height-80 margin-35px-bottom md-line-height-auto xs-margin-15px-bottom word-wrap width-85 md-width-800px sm-width-80 xs-width-auto\" style=\"font-weight: 400; color: #ffffff;\">Services de <br \/>Certification<\/h2><\/div><\/div><\/div><\/div><\/div><\/div><\/div><\/div><\/div><\/div><\/section><div class=\"vc_row-full-width vc_clearfix\"><\/div><section data-vc-full-width=\"true\" data-vc-full-width-init=\"false\" class=\"vc_row wpb_row vc_row-fluid   wow fadeIn pofo-stretch-content pofo-stretch-row-container pofo-row-responsive-69d0f30f8df29\"><div class=\"wpb_column vc_column_container vc_col-sm-12  col-xs-mobile-fullwidth\"><div class=\"vc_column-inner \"><div class=\"wpb_wrapper\"><div class=\"vc_row wpb_row vc_inner vc_row-fluid\"><div class=\"wpb_column vc_column_container vc_col-lg-2 vc_col-md-2 vc_hidden-sm col-xs-mobile-fullwidth\"><div class=\"vc_column-inner \"><div class=\"wpb_wrapper\"><\/div><\/div><\/div><div class=\"wpb_column vc_column_container vc_col-lg-8 vc_col-md-8 col-xs-mobile-fullwidth text-left\"><div class=\"vc_column-inner vc_custom_1666750669892\"><div class=\"wpb_wrapper\"><h4 class=\"text-extra-dark-gray margin-20px-bottom font-weight-600 display-inline-block alt-font text-none heading-style2  heading-1\"  style=\"font-weight: 400;\">Donn\u00e9es, documentation et approbations<\/h4><div class=\" vc_custom_1670449816289 last-paragraph-no-margin pofo-text-block-responsive-69d0f30f8e281\" style=\"width: 100%;\"><p>En plus d\u2019une gamme compl\u00e8te de services d\u2019ing\u00e9nierie a\u00e9rospatiale, les experts d\u2019Elisen cr\u00e9ent les dossiers de certififcation et offrent leur soutien pour divers projets, y compris la possibilit\u00e9 de d\u00e9livrer des certificats de type suppl\u00e9mentaires pour un grand nombre de types d\u2019a\u00e9ronefs.<\/p>\n<\/div><\/div><\/div><\/div><div class=\"wpb_column vc_column_container vc_col-lg-2 vc_col-md-2 vc_hidden-sm col-xs-mobile-fullwidth\"><div class=\"vc_column-inner \"><div class=\"wpb_wrapper\"><\/div><\/div><\/div><\/div><\/div><\/div><\/div><\/section><div class=\"vc_row-full-width vc_clearfix\"><\/div><section data-vc-full-width=\"true\" data-vc-full-width-init=\"false\" class=\"vc_row wpb_row vc_row-fluid  vc_custom_1667875946129 wow fadeIn vc_row-has-fill pofo-stretch-content pofo-stretch-row-container pofo-row-responsive-69d0f30f8e397\"><div class=\"wpb_column vc_column_container vc_col-sm-12  col-xs-mobile-fullwidth\"><div class=\"vc_column-inner \"><div class=\"wpb_wrapper\"><div class=\"vc_row wpb_row vc_inner vc_row-fluid\"><div class=\"wpb_column vc_column_container vc_col-sm-4  col-xs-mobile-fullwidth\"><div class=\"vc_column-inner \"><div class=\"wpb_wrapper\"><div class=\"padding-fifteen-all xs-padding-five-lr xs-padding-ten-tb display-table-cell vertical-align-middle featurebox6-1 featurebox6 pofo-featurebox\" ><img decoding=\"async\" src=\"https:\/\/staging.elisen.com\/wp-content\/uploads\/2022\/10\/Transport-Canada-1.png\" alt=\"\" class=\"icon-image margin-two-top\" style=\"max-width: 135px;\"\/><span class=\"display-block alt-font font-weight-600 text-extra-dark-gray margin-25px-top sm-margin-15px-top\" style=\"font-weight: 600; color: #000000;\">Transports Canada Aviation civile<\/span><div class=\"last-paragraph-no-margin margin-5px-top\"><p>Elisen a d&rsquo;abord re\u00e7u son accr\u00e9ditation d&rsquo;organisme d&rsquo;approbation de conception de la part de Transports Canada en 2001 (DAO # 01-Q-01). \u00c0 la suite d&rsquo;une r\u00e9organisation de nos activit\u00e9s et d&rsquo;une expansion dans la r\u00e9gion des Maritimes, le DAO a \u00e9t\u00e9 attribu\u00e9 en 2013 \u00e0 notre bureau de Nouvelle-\u00c9cosse (DAO n\u00b0 13-M-01).<\/p>\n<\/div><\/div><a class=\"modal-popup btn-medium btn btn-rounded btn-transparent-dark-gray  pofo-button-1\" href=\"#modal-popup-1666838802\" style=\"background-color:#006da1;  color:#ffffff;  border-color:#006da1; \">Lire la suite<\/a><div id=\"modal-popup-1666838802\" class=\"white-popup-block mfp-hide center-col bg-white text-center modal-popup-main padding-50px-all  col-lg-3 col-md-6 col-xs-11 col-sm-7\"><h6 class=\"text-extra-large text-extra-dark-gray alt-font font-weight-600 margin-15px-bottom\">Transports Canada<\/h6><p class=\"margin-four\"><img loading=\"lazy\" decoding=\"async\" class=\"size-full wp-image-22580 aligncenter\" src=\"https:\/\/elisen.com\/wp-content\/uploads\/2022\/10\/Transport-Canada-1.png\" alt=\"\" width=\"135\" height=\"94\" srcset=\"https:\/\/staging.elisen.com\/wp-content\/uploads\/2022\/10\/Transport-Canada-1.png 135w, https:\/\/staging.elisen.com\/wp-content\/uploads\/2022\/10\/Transport-Canada-1-120x84.png 120w, https:\/\/staging.elisen.com\/wp-content\/uploads\/2022\/10\/Transport-Canada-1-81x56.png 81w\" sizes=\"auto, (max-width: 135px) 100vw, 135px\" \/><\/p>\n<p style=\"text-align: left;\">Elisen a re\u00e7u pour la premi\u00e8re fois son accr\u00e9ditation d&rsquo;organisme d&rsquo;approbation de conception de Transports Canada en 2001 (DAO n\u00b0 01-Q-01).<\/p>\n<p style=\"text-align: left;\">Apr\u00e8s une r\u00e9organisation de nos activit\u00e9s et une expansion dans la r\u00e9gion des Maritimes, en 2013, le DAO a \u00e9t\u00e9 affect\u00e9 \u00e0 notre bureau de Nouvelle-\u00c9cosse (DAO n\u00b0 13-M-01).<\/p>\n<p style=\"text-align: left;\">Le champ d&rsquo;application de nos activit\u00e9s de certification de la navigabilit\u00e9 s&rsquo;est progressivement \u00e9largi au fil des ans. Aujourd&rsquo;hui, notre DAO fournit des projets d&rsquo;approbation de certification de navigabilit\u00e9 (STC, RDA et PDA) avec les services de personnes autoris\u00e9es par TCCA dans les disciplines suivantes :<\/p>\n<ul>\n<li style=\"text-align: left;\">Structures d&rsquo;a\u00e9ronefs &#8211; Conception, r\u00e9sistance, dynamique, fatigue et tol\u00e9rance aux dommages<\/li>\n<li style=\"text-align: left;\">Syst\u00e8mes avioniques \/ \u00e9lectriques<\/li>\n<li style=\"text-align: left;\">Syst\u00e8mes hydrom\u00e9caniques<\/li>\n<li style=\"text-align: left;\">Int\u00e9rieurs et s\u00e9curit\u00e9 des occupants<\/li>\n<li style=\"text-align: left;\">Propulsion<\/li>\n<li style=\"text-align: left;\">Charges sur les a\u00e9ronefs<\/li>\n<li style=\"text-align: left;\">Performances des a\u00e9ronefs<\/li>\n<li style=\"text-align: left;\">Essai en vol<\/li>\n<\/ul>\n<p style=\"text-align: left;\">Notre champ d&rsquo;autorit\u00e9 s&rsquo;\u00e9tend \u00e0 toute la gamme des types d&rsquo;a\u00e9ronefs:Partie 23 &amp; 25 &#8211; Avions de cat\u00e9gorie l\u00e9g\u00e8re et de transport Partie 27 &amp; 29 &#8211; H\u00e9licopt\u00e8res de cat\u00e9gorie l\u00e9g\u00e8re et de transportTransport Canada a \u00e9galement reconnu nos sp\u00e9cialistes pour des projets complexes de certification de navigabilit\u00e9 pour des a\u00e9ronefs non certifi\u00e9s (par exemple, d&rsquo;anciens avions de chasse militaires).<\/p>\n<p><\/p><a class=\"btn-medium btn btn-rounded btn-dark-gray popup-modal-dismiss\" href=\"#\">Dismiss<\/a><\/div><\/div><\/div><\/div><div class=\"wpb_column vc_column_container vc_col-sm-4  col-xs-mobile-fullwidth\"><div class=\"vc_column-inner \"><div class=\"wpb_wrapper\">[vc_empty_space height=\u00a0\u00bb20px\u00a0\u00bb]<div class=\"padding-fifteen-all xs-padding-five-lr xs-padding-ten-tb display-table-cell vertical-align-middle featurebox6-2 featurebox6 pofo-featurebox\" ><img decoding=\"async\" src=\"https:\/\/staging.elisen.com\/wp-content\/uploads\/2022\/10\/EASA_Logo-1.png\" alt=\"\" class=\"icon-image margin-two-top\" style=\"max-width: 197px;\"\/><span class=\"display-block alt-font font-weight-600 text-extra-dark-gray margin-25px-top sm-margin-15px-top\" style=\"font-weight: 600; color: #000000;\">Agence europ\u00e9enne de la s\u00e9curit\u00e9 a\u00e9rienne<\/span><div class=\"last-paragraph-no-margin margin-5px-top\"><p>En 2011, Elisen a conclu un partenariat strat\u00e9gique pour offrir des approbations EASA (modification mineure et STC) \u00e0 partir de l&rsquo;approbation de l&rsquo;organisme de conception EASA Part 21 (DOA # EASA.21J.409). Les sp\u00e9cialistes d&rsquo;Elisen sont autoris\u00e9s \u00e0 faire des constats de conformit\u00e9 en tant qu&rsquo;ing\u00e9nieurs de v\u00e9rification de certification de l&rsquo;EASA (CVE).<\/p>\n<\/div><\/div><\/div><\/div><\/div><div class=\"wpb_column vc_column_container vc_col-sm-4  col-xs-mobile-fullwidth\"><div class=\"vc_column-inner \"><div class=\"wpb_wrapper\"><div class=\"padding-fifteen-all xs-padding-five-lr xs-padding-ten-tb display-table-cell vertical-align-middle featurebox6-3 featurebox6 pofo-featurebox\" ><img decoding=\"async\" src=\"https:\/\/staging.elisen.com\/wp-content\/uploads\/2022\/10\/Canadian_Forces_emblem-1.png\" alt=\"\" class=\"icon-image margin-two-top\" style=\"max-width: 70px;\"\/><span class=\"display-block alt-font font-weight-600 text-extra-dark-gray margin-25px-top sm-margin-15px-top\" style=\"font-weight: 600; color: #000000;\">Minist\u00e8re de la d\u00e9fense nationale<\/span><div class=\"last-paragraph-no-margin margin-5px-top\"><p>Depuis 2017, gr\u00e2ce \u00e0 une interaction directe avec les sp\u00e9cialistes de la Direction de la navigabilit\u00e9 technique et du soutien technique (DTAES), Elisen a particip\u00e9 \u00e0 l\u2019approbation par DND de nombreux projets complexes impliquant des mises \u00e0 niveau avioniques et \u00e9lectriques et des capacit\u00e9s de mission sp\u00e9ciales sur d\u2019anciens avions de chasse militaires et des a\u00e9ronefs certifi\u00e9s.<\/p>\n<\/div><\/div><\/div><\/div><\/div><\/div><\/div><\/div><\/div><\/section><div class=\"vc_row-full-width vc_clearfix\"><\/div><section class=\"vc_row wpb_row vc_row-fluid\"><div class=\"wpb_column vc_column_container vc_col-sm-2  col-xs-mobile-fullwidth\"><div class=\"vc_column-inner \"><div class=\"wpb_wrapper\"><\/div><\/div><\/div><div class=\"wpb_column vc_column_container vc_col-has-fill vc_col-sm-8  col-xs-mobile-fullwidth\"><div class=\"vc_column-inner vc_custom_1666821915487\"><div class=\"wpb_wrapper\">[vc_empty_space height=\u00a0\u00bb30px\u00a0\u00bb]<h4 class=\"text-extra-dark-gray margin-20px-bottom font-weight-600 display-inline-block alt-font text-capitalize heading-style2  heading-2\"  style=\"line-height: 55px; font-weight: 400; color: #ffffff;\" data-lineheight=\"55px\">Certification <strong>CE <\/strong><\/h4>[vc_empty_space height=\u00a0\u00bb30px\u00a0\u00bb]<div class=\" vc_custom_1666822066290 last-paragraph-no-margin pofo-text-block-responsive-69d0f30f8f6e5\" style=\"color: #ffffff; width: 100%;\"><p>En 2022, Elisen a \u00e9tendu son offre de services \u00e0 la certification CE. Nous aidons les fabricants \u00e0 s&rsquo;assurer que leurs produits r\u00e9pondent aux dispositions l\u00e9gales applicables fix\u00e9es par l&rsquo;Union europ\u00e9enne dans le cadre des exigences de marquage CE.<\/p>\n<\/div>[vc_empty_space height=\u00a0\u00bb30px\u00a0\u00bb]<a  href=\"https:\/\/staging.elisen.com\/fr\/contact\/\" target=\"_self\" class=\"btn pofo-button-2 button-style7  btn-transparent-dark-gray btn-rounded\"  style=\"color:#ffffff;  border-color:#ffffff; \">CONTACTEZ-NOUS<\/a>[vc_empty_space height=\u00a0\u00bb30px\u00a0\u00bb]<\/div><\/div><\/div><div class=\"wpb_column vc_column_container vc_col-sm-2  col-xs-mobile-fullwidth\"><div class=\"vc_column-inner \"><div class=\"wpb_wrapper\"><\/div><\/div><\/div><\/section><div class=\"wpb_column vc_column_container vc_col-sm-12  col-xs-mobile-fullwidth\"><div class=\"vc_column-inner \"><div class=\"wpb_wrapper\"><\/div><\/div><\/div>\n","protected":false},"excerpt":{"rendered":"Services de CertificationDonn\u00e9es, documentation et approbationsEn plus d\u2019une gamme compl\u00e8te de services d\u2019ing\u00e9nierie a\u00e9rospatiale, les experts d\u2019Elisen cr\u00e9ent les dossiers de certififcation et offrent leur soutien pour divers projets, y compris la possibilit\u00e9 de d\u00e9livrer des certificats de type suppl\u00e9mentaires pour un grand nombre de types d\u2019a\u00e9ronefs. Transports Canada Aviation civileElisen a d'abord re\u00e7u son accr\u00e9ditation d'organisme d'approbation de conception de la part de Transports Canada en 2001 (DAO # 01-Q-01). \u00c0 la suite d'une r\u00e9organisation de nos activit\u00e9s et d'une expansion dans la r\u00e9gion des Maritimes, le DAO a \u00e9t\u00e9 attribu\u00e9 en 2013 \u00e0 notre bureau de Nouvelle-\u00c9cosse (DAO n\u00b0 13-M-01). Lire la suiteTransports Canada Elisen a re\u00e7u pour la premi\u00e8re fois son accr\u00e9ditation d'organisme d'approbation de conception de Transports Canada en 2001 (DAO n\u00b0 01-Q-01). Apr\u00e8s une r\u00e9organisation de nos activit\u00e9s et une expansion dans la r\u00e9gion des Maritimes, en 2013, le DAO a \u00e9t\u00e9 affect\u00e9 \u00e0 notre bureau de Nouvelle-\u00c9cosse (DAO n\u00b0 13-M-01). Le champ d'application de nos activit\u00e9s de certification de la navigabilit\u00e9 s'est progressivement \u00e9largi au fil des ans. Aujourd'hui, notre DAO fournit des projets d'approbation de certification de navigabilit\u00e9 (STC, RDA et PDA) avec les services de personnes autoris\u00e9es par TCCA dans les disciplines...","protected":false},"author":1,"featured_media":0,"parent":0,"menu_order":0,"comment_status":"closed","ping_status":"closed","template":"","meta":{"footnotes":""},"class_list":["post-23363","page","type-page","status-publish","hentry"],"yoast_head":"<!-- This site is optimized with the Yoast SEO plugin v27.3 - https:\/\/yoast.com\/product\/yoast-seo-wordpress\/ -->\n<title>Certification - Elisen &amp; associ\u00e9s Inc.<\/title>\n<meta name=\"robots\" content=\"index, follow, max-snippet:-1, max-image-preview:large, max-video-preview:-1\" \/>\n<link rel=\"canonical\" href=\"https:\/\/staging.elisen.com\/fr\/certification\/\" \/>\n<meta property=\"og:locale\" content=\"fr_FR\" \/>\n<meta property=\"og:type\" content=\"article\" \/>\n<meta property=\"og:title\" content=\"Certification - Elisen &amp; associ\u00e9s Inc.\" \/>\n<meta property=\"og:url\" content=\"https:\/\/staging.elisen.com\/fr\/certification\/\" \/>\n<meta property=\"og:site_name\" content=\"Elisen &amp; associ\u00e9s Inc.\" \/>\n<meta property=\"article:publisher\" content=\"https:\/\/www.facebook.com\/elisen.aerospace\" \/>\n<meta property=\"article:modified_time\" content=\"2024-08-16T03:50:17+00:00\" \/>\n<meta property=\"og:image\" content=\"https:\/\/elisen.com\/wp-content\/uploads\/2022\/10\/Transport-Canada-1.png\" \/>\n<meta name=\"twitter:card\" content=\"summary_large_image\" \/>\n<meta name=\"twitter:label1\" content=\"Dur\u00e9e de lecture estim\u00e9e\" \/>\n\t<meta name=\"twitter:data1\" content=\"4 minutes\" \/>\n<script type=\"application\/ld+json\" class=\"yoast-schema-graph\">{\"@context\":\"https:\\\/\\\/schema.org\",\"@graph\":[{\"@type\":\"WebPage\",\"@id\":\"https:\\\/\\\/staging.elisen.com\\\/fr\\\/certification\\\/\",\"url\":\"https:\\\/\\\/staging.elisen.com\\\/fr\\\/certification\\\/\",\"name\":\"Certification - Elisen &amp; associ\u00e9s Inc.\",\"isPartOf\":{\"@id\":\"https:\\\/\\\/staging.elisen.com\\\/fr\\\/#website\"},\"primaryImageOfPage\":{\"@id\":\"https:\\\/\\\/staging.elisen.com\\\/fr\\\/certification\\\/#primaryimage\"},\"image\":{\"@id\":\"https:\\\/\\\/staging.elisen.com\\\/fr\\\/certification\\\/#primaryimage\"},\"thumbnailUrl\":\"https:\\\/\\\/elisen.com\\\/wp-content\\\/uploads\\\/2022\\\/10\\\/Transport-Canada-1.png\",\"datePublished\":\"2022-10-20T03:07:13+00:00\",\"dateModified\":\"2024-08-16T03:50:17+00:00\",\"breadcrumb\":{\"@id\":\"https:\\\/\\\/staging.elisen.com\\\/fr\\\/certification\\\/#breadcrumb\"},\"inLanguage\":\"fr-FR\",\"potentialAction\":[{\"@type\":\"ReadAction\",\"target\":[\"https:\\\/\\\/staging.elisen.com\\\/fr\\\/certification\\\/\"]}]},{\"@type\":\"ImageObject\",\"inLanguage\":\"fr-FR\",\"@id\":\"https:\\\/\\\/staging.elisen.com\\\/fr\\\/certification\\\/#primaryimage\",\"url\":\"https:\\\/\\\/elisen.com\\\/wp-content\\\/uploads\\\/2022\\\/10\\\/Transport-Canada-1.png\",\"contentUrl\":\"https:\\\/\\\/elisen.com\\\/wp-content\\\/uploads\\\/2022\\\/10\\\/Transport-Canada-1.png\"},{\"@type\":\"BreadcrumbList\",\"@id\":\"https:\\\/\\\/staging.elisen.com\\\/fr\\\/certification\\\/#breadcrumb\",\"itemListElement\":[{\"@type\":\"ListItem\",\"position\":1,\"name\":\"Home\",\"item\":\"https:\\\/\\\/staging.elisen.com\\\/fr\\\/\"},{\"@type\":\"ListItem\",\"position\":2,\"name\":\"Certification\"}]},{\"@type\":\"WebSite\",\"@id\":\"https:\\\/\\\/staging.elisen.com\\\/fr\\\/#website\",\"url\":\"https:\\\/\\\/staging.elisen.com\\\/fr\\\/\",\"name\":\"Elisen\",\"description\":\"Elisen &amp; associ\u00e9s Inc.\",\"publisher\":{\"@id\":\"https:\\\/\\\/staging.elisen.com\\\/fr\\\/#organization\"},\"potentialAction\":[{\"@type\":\"SearchAction\",\"target\":{\"@type\":\"EntryPoint\",\"urlTemplate\":\"https:\\\/\\\/staging.elisen.com\\\/fr\\\/?s={search_term_string}\"},\"query-input\":{\"@type\":\"PropertyValueSpecification\",\"valueRequired\":true,\"valueName\":\"search_term_string\"}}],\"inLanguage\":\"fr-FR\"},{\"@type\":\"Organization\",\"@id\":\"https:\\\/\\\/staging.elisen.com\\\/fr\\\/#organization\",\"name\":\"Elisen & associ\u00e9s Inc.\",\"url\":\"https:\\\/\\\/staging.elisen.com\\\/fr\\\/\",\"logo\":{\"@type\":\"ImageObject\",\"inLanguage\":\"fr-FR\",\"@id\":\"https:\\\/\\\/staging.elisen.com\\\/fr\\\/#\\\/schema\\\/logo\\\/image\\\/\",\"url\":\"https:\\\/\\\/elisen.com\\\/wp-content\\\/uploads\\\/2022\\\/10\\\/Elisen-logo-1-1.png\",\"contentUrl\":\"https:\\\/\\\/elisen.com\\\/wp-content\\\/uploads\\\/2022\\\/10\\\/Elisen-logo-1-1.png\",\"width\":172,\"height\":69,\"caption\":\"Elisen & associ\u00e9s Inc.\"},\"image\":{\"@id\":\"https:\\\/\\\/staging.elisen.com\\\/fr\\\/#\\\/schema\\\/logo\\\/image\\\/\"},\"sameAs\":[\"https:\\\/\\\/www.facebook.com\\\/elisen.aerospace\",\"https:\\\/\\\/www.linkedin.com\\\/company\\\/elisen\\\/\"]}]}<\/script>\n<!-- \/ Yoast SEO plugin. -->","yoast_head_json":{"title":"Certification - Elisen &amp; associ\u00e9s Inc.","robots":{"index":"index","follow":"follow","max-snippet":"max-snippet:-1","max-image-preview":"max-image-preview:large","max-video-preview":"max-video-preview:-1"},"canonical":"https:\/\/staging.elisen.com\/fr\/certification\/","og_locale":"fr_FR","og_type":"article","og_title":"Certification - Elisen &amp; associ\u00e9s Inc.","og_url":"https:\/\/staging.elisen.com\/fr\/certification\/","og_site_name":"Elisen &amp; associ\u00e9s Inc.","article_publisher":"https:\/\/www.facebook.com\/elisen.aerospace","article_modified_time":"2024-08-16T03:50:17+00:00","og_image":[{"url":"https:\/\/elisen.com\/wp-content\/uploads\/2022\/10\/Transport-Canada-1.png","type":"","width":"","height":""}],"twitter_card":"summary_large_image","twitter_misc":{"Dur\u00e9e de lecture estim\u00e9e":"4 minutes"},"schema":{"@context":"https:\/\/schema.org","@graph":[{"@type":"WebPage","@id":"https:\/\/staging.elisen.com\/fr\/certification\/","url":"https:\/\/staging.elisen.com\/fr\/certification\/","name":"Certification - Elisen &amp; associ\u00e9s Inc.","isPartOf":{"@id":"https:\/\/staging.elisen.com\/fr\/#website"},"primaryImageOfPage":{"@id":"https:\/\/staging.elisen.com\/fr\/certification\/#primaryimage"},"image":{"@id":"https:\/\/staging.elisen.com\/fr\/certification\/#primaryimage"},"thumbnailUrl":"https:\/\/elisen.com\/wp-content\/uploads\/2022\/10\/Transport-Canada-1.png","datePublished":"2022-10-20T03:07:13+00:00","dateModified":"2024-08-16T03:50:17+00:00","breadcrumb":{"@id":"https:\/\/staging.elisen.com\/fr\/certification\/#breadcrumb"},"inLanguage":"fr-FR","potentialAction":[{"@type":"ReadAction","target":["https:\/\/staging.elisen.com\/fr\/certification\/"]}]},{"@type":"ImageObject","inLanguage":"fr-FR","@id":"https:\/\/staging.elisen.com\/fr\/certification\/#primaryimage","url":"https:\/\/elisen.com\/wp-content\/uploads\/2022\/10\/Transport-Canada-1.png","contentUrl":"https:\/\/elisen.com\/wp-content\/uploads\/2022\/10\/Transport-Canada-1.png"},{"@type":"BreadcrumbList","@id":"https:\/\/staging.elisen.com\/fr\/certification\/#breadcrumb","itemListElement":[{"@type":"ListItem","position":1,"name":"Home","item":"https:\/\/staging.elisen.com\/fr\/"},{"@type":"ListItem","position":2,"name":"Certification"}]},{"@type":"WebSite","@id":"https:\/\/staging.elisen.com\/fr\/#website","url":"https:\/\/staging.elisen.com\/fr\/","name":"Elisen","description":"Elisen &amp; associ\u00e9s Inc.","publisher":{"@id":"https:\/\/staging.elisen.com\/fr\/#organization"},"potentialAction":[{"@type":"SearchAction","target":{"@type":"EntryPoint","urlTemplate":"https:\/\/staging.elisen.com\/fr\/?s={search_term_string}"},"query-input":{"@type":"PropertyValueSpecification","valueRequired":true,"valueName":"search_term_string"}}],"inLanguage":"fr-FR"},{"@type":"Organization","@id":"https:\/\/staging.elisen.com\/fr\/#organization","name":"Elisen & associ\u00e9s Inc.","url":"https:\/\/staging.elisen.com\/fr\/","logo":{"@type":"ImageObject","inLanguage":"fr-FR","@id":"https:\/\/staging.elisen.com\/fr\/#\/schema\/logo\/image\/","url":"https:\/\/elisen.com\/wp-content\/uploads\/2022\/10\/Elisen-logo-1-1.png","contentUrl":"https:\/\/elisen.com\/wp-content\/uploads\/2022\/10\/Elisen-logo-1-1.png","width":172,"height":69,"caption":"Elisen & associ\u00e9s Inc."},"image":{"@id":"https:\/\/staging.elisen.com\/fr\/#\/schema\/logo\/image\/"},"sameAs":["https:\/\/www.facebook.com\/elisen.aerospace","https:\/\/www.linkedin.com\/company\/elisen\/"]}]}},"jetpack_sharing_enabled":true,"_links":{"self":[{"href":"https:\/\/staging.elisen.com\/fr\/wp-json\/wp\/v2\/pages\/23363","targetHints":{"allow":["GET"]}}],"collection":[{"href":"https:\/\/staging.elisen.com\/fr\/wp-json\/wp\/v2\/pages"}],"about":[{"href":"https:\/\/staging.elisen.com\/fr\/wp-json\/wp\/v2\/types\/page"}],"author":[{"embeddable":true,"href":"https:\/\/staging.elisen.com\/fr\/wp-json\/wp\/v2\/users\/1"}],"replies":[{"embeddable":true,"href":"https:\/\/staging.elisen.com\/fr\/wp-json\/wp\/v2\/comments?post=23363"}],"version-history":[{"count":6,"href":"https:\/\/staging.elisen.com\/fr\/wp-json\/wp\/v2\/pages\/23363\/revisions"}],"predecessor-version":[{"id":23563,"href":"https:\/\/staging.elisen.com\/fr\/wp-json\/wp\/v2\/pages\/23363\/revisions\/23563"}],"wp:attachment":[{"href":"https:\/\/staging.elisen.com\/fr\/wp-json\/wp\/v2\/media?parent=23363"}],"curies":[{"name":"wp","href":"https:\/\/api.w.org\/{rel}","templated":true}]}}