{"id":23329,"date":"2022-10-20T03:04:15","date_gmt":"2022-10-20T03:04:15","guid":{"rendered":"https:\/\/staging.elisen.com\/?page_id=23329"},"modified":"2024-08-16T12:17:07","modified_gmt":"2024-08-16T12:17:07","slug":"capacites","status":"publish","type":"page","link":"https:\/\/staging.elisen.com\/fr\/capacites\/","title":{"rendered":"Comp\u00e9tences"},"content":{"rendered":"<section data-vc-full-width=\"true\" data-vc-full-width-init=\"false\" data-vc-stretch-content=\"true\" class=\"vc_row wpb_row vc_row-fluid  vc_custom_1666818925046 fix-background bg-position-left-top vc_row-has-fill pofo-stretch-content vc_row-no-padding vc_row-o-content-top vc_row-flex\" style=\"min-height: 400px;\"><div class=\"wpb_column vc_column_container vc_col-sm-12  col-xs-mobile-fullwidth\"><div class=\"vc_column-inner \"><div class=\"wpb_wrapper\"><div id=\"pofo-image-slider-1\" class=\"swiper-container width-100 height-100 pofo-image-style3 pofo-image-slider-1  white-move pofo-slider3 pofo-slider3-1\" data-slider-options=\"{&quot;keyboard&quot;:true,&quot;slidesPerView&quot;:1,&quot;autoplay&quot;:false,&quot;effect&quot;:&quot;fade&quot;,&quot;fadeEffect&quot;:{&quot;crossFade&quot;:true}}\"><div class=\"swiper-wrapper\"><div class=\"swiper-slide cover-background bg-image-srcset\" style=\"background-image:url(https:\/\/staging.elisen.com\/wp-content\/uploads\/2022\/10\/capabilities-elisen.png)\" data-bg-srcset=\"https:\/\/staging.elisen.com\/wp-content\/uploads\/2022\/10\/capabilities-elisen.png 1440w, https:\/\/staging.elisen.com\/wp-content\/uploads\/2022\/10\/capabilities-elisen-300x125.png 300w, https:\/\/staging.elisen.com\/wp-content\/uploads\/2022\/10\/capabilities-elisen-1024x427.png 1024w, https:\/\/staging.elisen.com\/wp-content\/uploads\/2022\/10\/capabilities-elisen-768x320.png 768w, https:\/\/staging.elisen.com\/wp-content\/uploads\/2022\/10\/capabilities-elisen-1200x500.png 1200w, https:\/\/staging.elisen.com\/wp-content\/uploads\/2022\/10\/capabilities-elisen-120x50.png 120w, https:\/\/staging.elisen.com\/wp-content\/uploads\/2022\/10\/capabilities-elisen-81x34.png 81w\"><div class=\"container position-relative height-100\"><div class=\"col-md-12 slider-typography text-left xs-text-center\"><div class=\"slider-text-middle-main\"><div class=\"slider-text-middle\"><h2 class=\"alt-font text-extra-dark-gray font-weight-700 letter-spacing-minus-1 line-height-80 margin-35px-bottom md-line-height-auto xs-margin-15px-bottom word-wrap width-85 md-width-800px sm-width-80 xs-width-auto\" style=\"font-weight: 400; color: #ffffff;\"><strong>Solutions<\/strong> a\u00e9rospatiales cl\u00e9s en main<\/h2><\/div><\/div><\/div><\/div><\/div><\/div><\/div><\/div><\/div><\/div><\/section><div class=\"vc_row-full-width vc_clearfix\"><\/div><section data-vc-full-width=\"true\" data-vc-full-width-init=\"false\" class=\"vc_row wpb_row vc_row-fluid   wow fadeIn pofo-stretch-content pofo-stretch-row-container pofo-row-responsive-69d0f399e81d3\"><div class=\"wpb_column vc_column_container vc_col-sm-12  col-xs-mobile-fullwidth\"><div class=\"vc_column-inner \"><div class=\"wpb_wrapper\"><div class=\"vc_row wpb_row vc_inner vc_row-fluid\"><div class=\"wpb_column vc_column_container vc_col-lg-2 vc_col-md-2 vc_hidden-sm col-xs-mobile-fullwidth\"><div class=\"vc_column-inner \"><div class=\"wpb_wrapper\"><\/div><\/div><\/div><div class=\"wpb_column vc_column_container vc_col-lg-8 vc_col-md-8 col-xs-mobile-fullwidth text-left\"><div class=\"vc_column-inner vc_custom_1666750669892\"><div class=\"wpb_wrapper\"><h4 class=\"text-extra-dark-gray margin-20px-bottom font-weight-600 display-inline-block alt-font heading-style2  heading-1\"  style=\"font-weight: 400;\">Au service des <strong>Secteurs suivants :<\/strong><\/h4>[vc_empty_space height=\u00a0\u00bb40px\u00a0\u00bb][vc_single_image image=\u00a0\u00bb23224&Prime; img_size=\u00a0\u00bbfull\u00a0\u00bb alignment=\u00a0\u00bbcenter\u00a0\u00bb css_animation=\u00a0\u00bbfadeIn\u00a0\u00bb]<\/div><\/div><\/div><div class=\"wpb_column vc_column_container vc_col-lg-2 vc_col-md-2 vc_hidden-sm col-xs-mobile-fullwidth\"><div class=\"vc_column-inner \"><div class=\"wpb_wrapper\"><\/div><\/div><\/div><\/div><\/div><\/div><\/div><\/section><div class=\"vc_row-full-width vc_clearfix\"><\/div><section class=\"vc_row wpb_row vc_row-fluid  vc_custom_1668616006698 cover-background\"><div class=\"wpb_column vc_column_container vc_col-has-fill vc_col-sm-8  col-xs-mobile-fullwidth\"><div class=\"vc_column-inner vc_custom_1666825277522\"><div class=\"wpb_wrapper\">[vc_empty_space height=\u00a0\u00bb40px\u00a0\u00bb]<h4 class=\"text-extra-dark-gray margin-20px-bottom font-weight-600 display-inline-block alt-font heading-style2  heading-2\"  style=\"font-weight: 400;\">Nous nous sp\u00e9cialisons dans la r\u00e9alisation de <strong>Projets Complexes<\/strong> int\u00e9grant les <strong>Disciplines Sp\u00e9cialis\u00e9es<\/strong> suivantes<\/h4>[vc_single_image image=\u00a0\u00bb23225&Prime; img_size=\u00a0\u00bbfull\u00a0\u00bb css_animation=\u00a0\u00bbslideInDown\u00a0\u00bb][vc_empty_space height=\u00a0\u00bb40px\u00a0\u00bb]<\/div><\/div><\/div><div class=\"wpb_column vc_column_container vc_col-sm-4  col-xs-mobile-fullwidth\"><div class=\"vc_column-inner cover-background  no-column-padding\"><div class=\"wpb_wrapper\">[vc_single_image image=\u00a0\u00bb23192&Prime; img_size=\u00a0\u00bbfull\u00a0\u00bb]<\/div><\/div><\/div><\/section><section data-vc-full-width=\"true\" data-vc-full-width-init=\"false\" data-vc-stretch-content=\"true\" class=\"vc_row wpb_row vc_row-fluid  vc_custom_1666826807641 pofo-stretch-content vc_row-no-padding vc_row-o-full-height vc_row-o-columns-middle vc_row-flex\"><div class=\"wpb_column vc_column_container vc_col-sm-12  col-xs-mobile-fullwidth\"><div class=\"vc_column-inner \"><div class=\"wpb_wrapper\"><div class=\"vc_row wpb_row vc_inner vc_row-fluid   vc_row-o-equal-height vc_row-flex\"><div class=\"wpb_column vc_column_container vc_col-has-fill vc_col-sm-6  col-xs-mobile-fullwidth text-left md-text-left sm-text-left xs-text-left\"><div class=\"vc_column-inner vc_custom_1666829391572\"><div class=\"wpb_wrapper\"><div class=\"padding-fifteen-all xs-padding-five-lr xs-padding-ten-tb display-table-cell vertical-align-middle featurebox6-1 featurebox6 pofo-featurebox  vc_custom_1723526640270\" ><img decoding=\"async\" src=\"https:\/\/staging.elisen.com\/wp-content\/uploads\/2022\/10\/aircraft-structures-1.png\" alt=\"\" class=\"icon-image margin-two-top\" style=\"max-width: 90px;\"\/><h6 class=\"display-block alt-font font-weight-600 text-extra-dark-gray margin-25px-top sm-margin-15px-top\" style=\"font-weight: 500;\"><strong>A\u00e9rostructures <\/strong><br \/>(contraintes et vibration)<\/h6><div class=\"last-paragraph-no-margin margin-5px-top\"><p>Nous prenons en charge tous les aspects de conception ou modification de structures d&rsquo;a\u00e9ronefs :<\/p>\n<ul>\n<li>Conception structurelle des <strong>principaux composants<\/strong> d&rsquo;un nouvel avion<\/li>\n<li>Conception structurelle des <strong>modifications et des r\u00e9parations<\/strong><\/li>\n<li>Validation de la <strong>r\u00e9sistance statique<\/strong><\/li>\n<li>Validation de la<strong> tol\u00e9rance \u00e0 la fatigue<\/strong> et aux propagations de <strong>fissures<\/strong><\/li>\n<li>\u00c9tudes de <strong>flottement <\/strong>et <strong>vibrations par<\/strong> analyse et GVT<\/li>\n<\/ul>\n<\/div><\/div>[vc_empty_space height=\u00a0\u00bb40px\u00a0\u00bb]<\/div><\/div><\/div><div class=\"wpb_column vc_column_container vc_col-sm-6  col-xs-mobile-fullwidth text-left md-text-left sm-text-left xs-text-left\"><div class=\"vc_column-inner vc_custom_1666835089358\"><div class=\"wpb_wrapper\"><div class=\"padding-fifteen-all xs-padding-five-lr xs-padding-ten-tb display-table-cell vertical-align-middle featurebox6-2 featurebox6 pofo-featurebox  vc_custom_1723526291366\" ><img decoding=\"async\" src=\"https:\/\/staging.elisen.com\/wp-content\/uploads\/2022\/10\/fluidmechanical.png\" alt=\"\" class=\"icon-image margin-two-top\" style=\"max-width: 100px;\"\/><h6 class=\"display-block alt-font font-weight-600 text-extra-dark-gray margin-25px-top sm-margin-15px-top\" style=\"font-weight: 500;\">Syst\u00e8mes <strong>hydrom\u00e9caniques<\/strong><\/h6><div class=\"last-paragraph-no-margin margin-5px-top\"><p>Notre \u00e9quipe a con\u00e7u et certifi\u00e9 des r\u00e9parations et des am\u00e9liorations pour :<\/p>\n<ul>\n<li>Syst\u00e8mes <strong>hydrauliques<\/strong><\/li>\n<li>Syst\u00e8mes de<strong>\u00a0carburant<\/strong><\/li>\n<li>Syst\u00e8mes d&rsquo;<strong>oxyg\u00e8ne<\/strong><\/li>\n<li><strong>Syst\u00e8mes d&rsquo;eau et d&rsquo;\u00e9vacuation des eaux us\u00e9es<\/strong><\/li>\n<li>Syst\u00e8mes de <strong>vision nocturne<\/strong><\/li>\n<li>Syst\u00e8mes de <strong>portes passagers et de chargement<\/strong><\/li>\n<li>Syst\u00e8mes <strong>pitot\/statique<\/strong><\/li>\n<\/ul>\n<\/div><\/div><\/div><\/div><\/div><\/div><div class=\"vc_row wpb_row vc_inner vc_row-fluid   vc_row-o-equal-height vc_row-flex\"><div class=\"wpb_column vc_column_container vc_col-sm-6  col-xs-mobile-fullwidth text-left md-text-left sm-text-left xs-text-left\"><div class=\"vc_column-inner \"><div class=\"wpb_wrapper\"><div class=\"padding-fifteen-all xs-padding-five-lr xs-padding-ten-tb display-table-cell vertical-align-middle featurebox6-3 featurebox6 pofo-featurebox\" ><img decoding=\"async\" src=\"https:\/\/staging.elisen.com\/wp-content\/uploads\/2022\/10\/avionic-electrical.png\" alt=\"\" class=\"icon-image margin-two-top\" style=\"max-width: 95px;\"\/><h6 class=\"display-block alt-font font-weight-600 text-extra-dark-gray margin-25px-top sm-margin-15px-top\" style=\"font-weight: 500;\">Syst\u00e8mes <strong>avioniques et \u00e9lectriques<\/strong><\/h6><div class=\"last-paragraph-no-margin margin-5px-top\"><p>Nous proposons un large \u00e9ventail de solutions personnalis\u00e9es, conformes aux derni\u00e8res innovations en mati\u00e8re de technologies a\u00e9ronautiques et adapt\u00e9es \u00e0 la configuration sp\u00e9cifique de chaque client.<\/p>\n<ul>\n<li>Mises \u00e0 niveau du poste de pilotage pour suivre l&rsquo;<strong>\u00e9volution des technologies<\/strong> et des<strong> exigences r\u00e9glementaires<\/strong><\/li>\n<li>Mises \u00e0 niveau des composants avioniques <strong>vieillissantes<\/strong> et obsol\u00e8tes<\/li>\n<li><strong>Solutions de connectivit\u00e9 \u00e0<\/strong> large bande en cabine<\/li>\n<li>Solutions pour les avions de <strong>mission sp\u00e9ciale<\/strong><\/li>\n<li>Mises \u00e0 niveau de l&rsquo;<strong>\u00e9clairage int\u00e9rieur<\/strong> et ext\u00e9rieur<\/li>\n<\/ul>\n<\/div><\/div><\/div><\/div><\/div><div class=\"wpb_column vc_column_container vc_col-has-fill vc_col-sm-6  col-xs-mobile-fullwidth text-left md-text-left sm-text-left xs-text-left\"><div class=\"vc_column-inner vc_custom_1666828969972\"><div class=\"wpb_wrapper\"><div class=\"padding-fifteen-all xs-padding-five-lr xs-padding-ten-tb display-table-cell vertical-align-middle featurebox6-4 featurebox6 pofo-featurebox\" ><img decoding=\"async\" src=\"https:\/\/staging.elisen.com\/wp-content\/uploads\/2022\/10\/aircraft-performace.png\" alt=\"\" class=\"icon-image margin-two-top\" style=\"max-width: 65px;\"\/><h6 class=\"display-block alt-font font-weight-600 text-extra-dark-gray margin-25px-top sm-margin-15px-top\" style=\"font-weight: 500;\"><strong>Charges et performances des a\u00e9ronefs <\/strong><\/h6><div class=\"last-paragraph-no-margin margin-5px-top\"><p>Pour les modifications majeures qui changent les limites de poids et de performance certifi\u00e9es existantes, ou les changements de formes ext\u00e9rieures, nous effectuons.. :<\/p>\n<ul>\n<li>Analyse <strong>CFD<\/strong><\/li>\n<li>\u00c9valuation des <strong>charges externes<\/strong><\/li>\n<li>\u00c9valuation des <strong>performances des a\u00e9ronefs<\/strong><\/li>\n<li>\u00c9tablir les exigences en mati\u00e8re d&rsquo;essais en vol et pr\u00e9parer les plans d&rsquo;essai<\/li>\n<li>Analyse et \u00e9valuation des <strong>r\u00e9sultats des essais en vol <\/strong><\/li>\n<\/ul>\n<\/div><\/div><\/div><\/div><\/div><\/div><div class=\"vc_row wpb_row vc_inner vc_row-fluid   vc_row-o-equal-height vc_row-flex\"><div class=\"wpb_column vc_column_container vc_col-has-fill vc_col-sm-6  col-xs-mobile-fullwidth text-left md-text-left sm-text-left xs-text-left\"><div class=\"vc_column-inner vc_custom_1666829391572\"><div class=\"wpb_wrapper\"><div class=\"padding-fifteen-all xs-padding-five-lr xs-padding-ten-tb display-table-cell vertical-align-middle featurebox6-5 featurebox6 pofo-featurebox\" ><img decoding=\"async\" src=\"https:\/\/staging.elisen.com\/wp-content\/uploads\/2022\/10\/occupant-safety.png\" alt=\"\" class=\"icon-image margin-two-top\" style=\"max-width: 95px;\"\/><h6 class=\"display-block alt-font font-weight-600 text-extra-dark-gray margin-25px-top sm-margin-15px-top\" style=\"font-weight: 500;\">S\u00e9curit\u00e9 des <strong>occupants <\/strong><\/h6><div class=\"last-paragraph-no-margin margin-5px-top\"><p>Le groupe charg\u00e9 de la s\u00e9curit\u00e9 des occupants guide la conception et examine, pour approbation, toutes les modifications apport\u00e9es aux configurations int\u00e9rieures, qu&rsquo;elles soient petites ou grandes.<br \/>\nDomaines d&rsquo;intervention :<\/p>\n<ul>\n<li><strong>Si\u00e8ges de<\/strong> l&rsquo;\u00e9quipage et de la cabine<\/li>\n<li><strong>Aires de repos<\/strong> et <strong>couchettes de<\/strong> l&rsquo;\u00e9quipage<\/li>\n<li><strong>Rangements, toilettes<\/strong> et<strong> armoires<\/strong><\/li>\n<li>Syst\u00e8mes et \u00e9quipements de <strong>cuisine<\/strong><\/li>\n<li><strong>Conformit\u00e9 en mati\u00e8re<\/strong> d&rsquo;inflammabilit\u00e9<\/li>\n<li><strong>Syst\u00e8mes d&rsquo;oxyg\u00e8ne pour<\/strong> l&rsquo;\u00e9quipage et la cabine<\/li>\n<li>S\u00e9curit\u00e9 de la cabine \/ <strong>\u00e9vacuation d&rsquo;urgence<\/strong><\/li>\n<li>\u00c9quipement d&rsquo;urgence<\/li>\n<li>Ing\u00e9nierie du <strong>poste de pilotage<\/strong> \/ des facteurs humains<\/li>\n<li><strong>D\u00e9tection des fum\u00e9es<\/strong> et p\u00e9n\u00e9tration<\/li>\n<li>Compartiments et syst\u00e8mes de <strong>bagages<\/strong> et <strong>de cargaison<\/strong><\/li>\n<\/ul>\n<\/div><\/div><\/div><\/div><\/div><div class=\"wpb_column vc_column_container vc_col-sm-6  col-xs-mobile-fullwidth text-left md-text-left sm-text-left xs-text-left\"><div class=\"vc_column-inner \"><div class=\"wpb_wrapper\"><div class=\"padding-fifteen-all xs-padding-five-lr xs-padding-ten-tb display-table-cell vertical-align-middle featurebox6-6 featurebox6 pofo-featurebox\" ><img decoding=\"async\" src=\"https:\/\/staging.elisen.com\/wp-content\/uploads\/2022\/10\/weapon-systems.png\" alt=\"\" class=\"icon-image margin-two-top\" style=\"max-width: 100px;\"\/><h6 class=\"display-block alt-font font-weight-600 text-extra-dark-gray margin-25px-top sm-margin-15px-top\" style=\"font-weight: 500;\">Syst\u00e8mes d'<strong>armement & Mission Sp\u00e9ciale<\/strong><\/h6><div class=\"last-paragraph-no-margin margin-5px-top\"><p>Nous mettons \u00e0 profit notre exp\u00e9rience aupr\u00e8s de clients soutenant les forces arm\u00e9es d&rsquo;Am\u00e9rique du Nord, d&rsquo;Europe et d&rsquo;Australie, nous apportons notre soutien avec des solutions telles que\u00a0:<\/p>\n<ul>\n<li>La surveillance \u00e9lectronique, y compris radar AESA de pointe<\/li>\n<li>La guerre \u00e9lectronique<\/li>\n<li>Le syst\u00e8me de remorquage de cibles<\/li>\n<li>Le syst\u00e8me de largage de munitions pour l&rsquo;entra\u00eenement<\/li>\n<li>Les syst\u00e8mes de vision nocturne<\/li>\n<li>Les mises \u00e0 niveau des syst\u00e8mes d&rsquo;\u00e9vacuation obsol\u00e8tes (syst\u00e8mes d&rsquo;\u00e9jection et syst\u00e8mes de fracture de la verri\u00e8re)<\/li>\n<li>Les mises \u00e0 niveau des ordinateurs de mission sp\u00e9ciale<\/li>\n<\/ul>\n<\/div><\/div><\/div><\/div><\/div><\/div><\/div><\/div><\/div><\/section><div class=\"vc_row-full-width vc_clearfix\"><\/div>\n","protected":false},"excerpt":{"rendered":"Solutions a\u00e9rospatiales cl\u00e9s en mainAu service des Secteurs suivants :[vc_empty_space height=\"40px\"][vc_single_image image=\"23224\" img_size=\"full\" alignment=\"center\" css_animation=\"fadeIn\"][vc_empty_space height=\"40px\"]Nous nous sp\u00e9cialisons dans la r\u00e9alisation de Projets Complexes int\u00e9grant les Disciplines Sp\u00e9cialis\u00e9es suivantes[vc_single_image image=\"23225\" img_size=\"full\" css_animation=\"slideInDown\"][vc_empty_space height=\"40px\"][vc_single_image image=\"23192\" img_size=\"full\"]A\u00e9rostructures (contraintes et vibration)Nous prenons en charge tous les aspects de conception ou modification de structures d'a\u00e9ronefs : Conception structurelle des principaux composants d'un nouvel avion Conception structurelle des modifications et des r\u00e9parations Validation de la r\u00e9sistance statique Validation de la tol\u00e9rance \u00e0 la fatigue et aux propagations de fissures \u00c9tudes de flottement et vibrations par analyse et GVT [vc_empty_space height=\"40px\"]Syst\u00e8mes hydrom\u00e9caniquesNotre \u00e9quipe a con\u00e7u et certifi\u00e9 des r\u00e9parations et des am\u00e9liorations pour : Syst\u00e8mes hydrauliques Syst\u00e8mes de\u00a0carburant Syst\u00e8mes d'oxyg\u00e8ne Syst\u00e8mes d'eau et d'\u00e9vacuation des eaux us\u00e9es Syst\u00e8mes de vision nocturne Syst\u00e8mes de portes passagers et de chargement Syst\u00e8mes pitot\/statique Syst\u00e8mes avioniques et \u00e9lectriquesNous proposons un large \u00e9ventail de solutions personnalis\u00e9es, conformes aux derni\u00e8res innovations en mati\u00e8re de technologies a\u00e9ronautiques et adapt\u00e9es \u00e0 la configuration sp\u00e9cifique de chaque client. Mises \u00e0 niveau du poste de pilotage pour suivre l'\u00e9volution des technologies et des exigences r\u00e9glementaires Mises \u00e0 niveau des composants avioniques vieillissantes et obsol\u00e8tes Solutions de connectivit\u00e9 \u00e0 large bande en cabine Solutions pour les avions...","protected":false},"author":1,"featured_media":0,"parent":0,"menu_order":0,"comment_status":"closed","ping_status":"closed","template":"","meta":{"footnotes":""},"class_list":["post-23329","page","type-page","status-publish","hentry"],"yoast_head":"<!-- This site is optimized with the Yoast SEO plugin v27.3 - https:\/\/yoast.com\/product\/yoast-seo-wordpress\/ -->\n<title>Comp\u00e9tences - Elisen &amp; associ\u00e9s Inc.<\/title>\n<meta name=\"robots\" content=\"index, follow, max-snippet:-1, max-image-preview:large, max-video-preview:-1\" \/>\n<link rel=\"canonical\" href=\"https:\/\/staging.elisen.com\/fr\/capacites\/\" \/>\n<meta property=\"og:locale\" content=\"fr_FR\" \/>\n<meta property=\"og:type\" content=\"article\" \/>\n<meta property=\"og:title\" content=\"Comp\u00e9tences - Elisen &amp; associ\u00e9s Inc.\" \/>\n<meta property=\"og:url\" content=\"https:\/\/staging.elisen.com\/fr\/capacites\/\" \/>\n<meta property=\"og:site_name\" content=\"Elisen &amp; associ\u00e9s Inc.\" \/>\n<meta property=\"article:publisher\" content=\"https:\/\/www.facebook.com\/elisen.aerospace\" \/>\n<meta property=\"article:modified_time\" content=\"2024-08-16T12:17:07+00:00\" \/>\n<meta name=\"twitter:card\" content=\"summary_large_image\" \/>\n<meta name=\"twitter:label1\" content=\"Dur\u00e9e de lecture estim\u00e9e\" \/>\n\t<meta name=\"twitter:data1\" content=\"3 minutes\" \/>\n<script type=\"application\/ld+json\" class=\"yoast-schema-graph\">{\"@context\":\"https:\\\/\\\/schema.org\",\"@graph\":[{\"@type\":\"WebPage\",\"@id\":\"https:\\\/\\\/staging.elisen.com\\\/fr\\\/capacites\\\/\",\"url\":\"https:\\\/\\\/staging.elisen.com\\\/fr\\\/capacites\\\/\",\"name\":\"Comp\u00e9tences - Elisen &amp; associ\u00e9s Inc.\",\"isPartOf\":{\"@id\":\"https:\\\/\\\/staging.elisen.com\\\/fr\\\/#website\"},\"datePublished\":\"2022-10-20T03:04:15+00:00\",\"dateModified\":\"2024-08-16T12:17:07+00:00\",\"breadcrumb\":{\"@id\":\"https:\\\/\\\/staging.elisen.com\\\/fr\\\/capacites\\\/#breadcrumb\"},\"inLanguage\":\"fr-FR\",\"potentialAction\":[{\"@type\":\"ReadAction\",\"target\":[\"https:\\\/\\\/staging.elisen.com\\\/fr\\\/capacites\\\/\"]}]},{\"@type\":\"BreadcrumbList\",\"@id\":\"https:\\\/\\\/staging.elisen.com\\\/fr\\\/capacites\\\/#breadcrumb\",\"itemListElement\":[{\"@type\":\"ListItem\",\"position\":1,\"name\":\"Home\",\"item\":\"https:\\\/\\\/staging.elisen.com\\\/fr\\\/\"},{\"@type\":\"ListItem\",\"position\":2,\"name\":\"Comp\u00e9tences\"}]},{\"@type\":\"WebSite\",\"@id\":\"https:\\\/\\\/staging.elisen.com\\\/fr\\\/#website\",\"url\":\"https:\\\/\\\/staging.elisen.com\\\/fr\\\/\",\"name\":\"Elisen\",\"description\":\"Elisen &amp; associ\u00e9s Inc.\",\"publisher\":{\"@id\":\"https:\\\/\\\/staging.elisen.com\\\/fr\\\/#organization\"},\"potentialAction\":[{\"@type\":\"SearchAction\",\"target\":{\"@type\":\"EntryPoint\",\"urlTemplate\":\"https:\\\/\\\/staging.elisen.com\\\/fr\\\/?s={search_term_string}\"},\"query-input\":{\"@type\":\"PropertyValueSpecification\",\"valueRequired\":true,\"valueName\":\"search_term_string\"}}],\"inLanguage\":\"fr-FR\"},{\"@type\":\"Organization\",\"@id\":\"https:\\\/\\\/staging.elisen.com\\\/fr\\\/#organization\",\"name\":\"Elisen & associ\u00e9s Inc.\",\"url\":\"https:\\\/\\\/staging.elisen.com\\\/fr\\\/\",\"logo\":{\"@type\":\"ImageObject\",\"inLanguage\":\"fr-FR\",\"@id\":\"https:\\\/\\\/staging.elisen.com\\\/fr\\\/#\\\/schema\\\/logo\\\/image\\\/\",\"url\":\"https:\\\/\\\/elisen.com\\\/wp-content\\\/uploads\\\/2022\\\/10\\\/Elisen-logo-1-1.png\",\"contentUrl\":\"https:\\\/\\\/elisen.com\\\/wp-content\\\/uploads\\\/2022\\\/10\\\/Elisen-logo-1-1.png\",\"width\":172,\"height\":69,\"caption\":\"Elisen & associ\u00e9s Inc.\"},\"image\":{\"@id\":\"https:\\\/\\\/staging.elisen.com\\\/fr\\\/#\\\/schema\\\/logo\\\/image\\\/\"},\"sameAs\":[\"https:\\\/\\\/www.facebook.com\\\/elisen.aerospace\",\"https:\\\/\\\/www.linkedin.com\\\/company\\\/elisen\\\/\"]}]}<\/script>\n<!-- \/ Yoast SEO plugin. -->","yoast_head_json":{"title":"Comp\u00e9tences - Elisen &amp; associ\u00e9s Inc.","robots":{"index":"index","follow":"follow","max-snippet":"max-snippet:-1","max-image-preview":"max-image-preview:large","max-video-preview":"max-video-preview:-1"},"canonical":"https:\/\/staging.elisen.com\/fr\/capacites\/","og_locale":"fr_FR","og_type":"article","og_title":"Comp\u00e9tences - Elisen &amp; associ\u00e9s Inc.","og_url":"https:\/\/staging.elisen.com\/fr\/capacites\/","og_site_name":"Elisen &amp; associ\u00e9s Inc.","article_publisher":"https:\/\/www.facebook.com\/elisen.aerospace","article_modified_time":"2024-08-16T12:17:07+00:00","twitter_card":"summary_large_image","twitter_misc":{"Dur\u00e9e de lecture estim\u00e9e":"3 minutes"},"schema":{"@context":"https:\/\/schema.org","@graph":[{"@type":"WebPage","@id":"https:\/\/staging.elisen.com\/fr\/capacites\/","url":"https:\/\/staging.elisen.com\/fr\/capacites\/","name":"Comp\u00e9tences - Elisen &amp; associ\u00e9s Inc.","isPartOf":{"@id":"https:\/\/staging.elisen.com\/fr\/#website"},"datePublished":"2022-10-20T03:04:15+00:00","dateModified":"2024-08-16T12:17:07+00:00","breadcrumb":{"@id":"https:\/\/staging.elisen.com\/fr\/capacites\/#breadcrumb"},"inLanguage":"fr-FR","potentialAction":[{"@type":"ReadAction","target":["https:\/\/staging.elisen.com\/fr\/capacites\/"]}]},{"@type":"BreadcrumbList","@id":"https:\/\/staging.elisen.com\/fr\/capacites\/#breadcrumb","itemListElement":[{"@type":"ListItem","position":1,"name":"Home","item":"https:\/\/staging.elisen.com\/fr\/"},{"@type":"ListItem","position":2,"name":"Comp\u00e9tences"}]},{"@type":"WebSite","@id":"https:\/\/staging.elisen.com\/fr\/#website","url":"https:\/\/staging.elisen.com\/fr\/","name":"Elisen","description":"Elisen &amp; associ\u00e9s Inc.","publisher":{"@id":"https:\/\/staging.elisen.com\/fr\/#organization"},"potentialAction":[{"@type":"SearchAction","target":{"@type":"EntryPoint","urlTemplate":"https:\/\/staging.elisen.com\/fr\/?s={search_term_string}"},"query-input":{"@type":"PropertyValueSpecification","valueRequired":true,"valueName":"search_term_string"}}],"inLanguage":"fr-FR"},{"@type":"Organization","@id":"https:\/\/staging.elisen.com\/fr\/#organization","name":"Elisen & associ\u00e9s Inc.","url":"https:\/\/staging.elisen.com\/fr\/","logo":{"@type":"ImageObject","inLanguage":"fr-FR","@id":"https:\/\/staging.elisen.com\/fr\/#\/schema\/logo\/image\/","url":"https:\/\/elisen.com\/wp-content\/uploads\/2022\/10\/Elisen-logo-1-1.png","contentUrl":"https:\/\/elisen.com\/wp-content\/uploads\/2022\/10\/Elisen-logo-1-1.png","width":172,"height":69,"caption":"Elisen & associ\u00e9s Inc."},"image":{"@id":"https:\/\/staging.elisen.com\/fr\/#\/schema\/logo\/image\/"},"sameAs":["https:\/\/www.facebook.com\/elisen.aerospace","https:\/\/www.linkedin.com\/company\/elisen\/"]}]}},"jetpack_sharing_enabled":true,"_links":{"self":[{"href":"https:\/\/staging.elisen.com\/fr\/wp-json\/wp\/v2\/pages\/23329","targetHints":{"allow":["GET"]}}],"collection":[{"href":"https:\/\/staging.elisen.com\/fr\/wp-json\/wp\/v2\/pages"}],"about":[{"href":"https:\/\/staging.elisen.com\/fr\/wp-json\/wp\/v2\/types\/page"}],"author":[{"embeddable":true,"href":"https:\/\/staging.elisen.com\/fr\/wp-json\/wp\/v2\/users\/1"}],"replies":[{"embeddable":true,"href":"https:\/\/staging.elisen.com\/fr\/wp-json\/wp\/v2\/comments?post=23329"}],"version-history":[{"count":23,"href":"https:\/\/staging.elisen.com\/fr\/wp-json\/wp\/v2\/pages\/23329\/revisions"}],"predecessor-version":[{"id":23569,"href":"https:\/\/staging.elisen.com\/fr\/wp-json\/wp\/v2\/pages\/23329\/revisions\/23569"}],"wp:attachment":[{"href":"https:\/\/staging.elisen.com\/fr\/wp-json\/wp\/v2\/media?parent=23329"}],"curies":[{"name":"wp","href":"https:\/\/api.w.org\/{rel}","templated":true}]}}